{"id":8133,"date":"2022-05-05T16:18:00","date_gmt":"2022-05-05T22:18:00","guid":{"rendered":"https:\/\/mexpatrealtors.com\/?page_id=8133"},"modified":"2022-10-14T11:39:58","modified_gmt":"2022-10-14T17:39:58","slug":"aramara-market","status":"publish","type":"page","link":"https:\/\/mexpatrealtors.com\/fr\/aramara-market\/","title":{"rendered":"March\u00e9 Palmar de Aramara"},"content":{"rendered":"<div data-elementor-type=\"wp-page\" data-elementor-id=\"8133\" class=\"elementor elementor-8133\" data-elementor-post-type=\"page\">\n\t\t\t\t\t\t<section class=\"elementor-section elementor-top-section elementor-element elementor-element-4fb6cfb7 elementor-section-boxed elementor-section-height-default elementor-section-height-default\" data-id=\"4fb6cfb7\" data-element_type=\"section\" data-e-type=\"section\">\n\t\t\t\t\t\t<div class=\"elementor-container elementor-column-gap-default\">\n\t\t\t\t\t<div class=\"elementor-column elementor-col-100 elementor-top-column elementor-element elementor-element-790f1b1b\" data-id=\"790f1b1b\" data-element_type=\"column\" data-e-type=\"column\">\n\t\t\t<div class=\"elementor-widget-wrap elementor-element-populated\">\n\t\t\t\t\t\t<div class=\"elementor-element elementor-element-58c976a4 elementor-widget elementor-widget-heading\" data-id=\"58c976a4\" data-element_type=\"widget\" data-e-type=\"widget\" data-widget_type=\"heading.default\">\n\t\t\t\t<div class=\"elementor-widget-container\">\n\t\t\t\t\t<h2 class=\"elementor-heading-title elementor-size-default\">March\u00e9 Palmar de Aramara<\/h2>\t\t\t\t<\/div>\n\t\t\t\t<\/div>\n\t\t\t\t<div class=\"elementor-element elementor-element-627b0f0 elementor-align-center elementor-widget elementor-widget-button\" data-id=\"627b0f0\" data-element_type=\"widget\" data-e-type=\"widget\" data-widget_type=\"button.default\">\n\t\t\t\t<div class=\"elementor-widget-container\">\n\t\t\t\t\t\t\t\t\t<div class=\"elementor-button-wrapper\">\n\t\t\t\t\t<a class=\"elementor-button elementor-button-link elementor-size-sm elementor-animation-shrink\" href=\"https:\/\/mexpatrealtors.com\/fr\/local-markets\/\">\n\t\t\t\t\t\t<span class=\"elementor-button-content-wrapper\">\n\t\t\t\t\t\t\t\t\t<span class=\"elementor-button-text\">Go back to see all markets<\/span>\n\t\t\t\t\t<\/span>\n\t\t\t\t\t<\/a>\n\t\t\t\t<\/div>\n\t\t\t\t\t\t\t\t<\/div>\n\t\t\t\t<\/div>\n\t\t\t\t<section class=\"elementor-section elementor-inner-section elementor-element elementor-element-fbbc765 elementor-section-boxed elementor-section-height-default elementor-section-height-default\" data-id=\"fbbc765\" data-element_type=\"section\" data-e-type=\"section\">\n\t\t\t\t\t\t<div class=\"elementor-container elementor-column-gap-default\">\n\t\t\t\t\t<div class=\"elementor-column elementor-col-100 elementor-inner-column elementor-element elementor-element-d35103e\" data-id=\"d35103e\" data-element_type=\"column\" data-e-type=\"column\">\n\t\t\t<div class=\"elementor-widget-wrap elementor-element-populated\">\n\t\t\t\t\t\t<div class=\"elementor-element elementor-element-6f09be3e elementor-widget elementor-widget-video\" data-id=\"6f09be3e\" data-element_type=\"widget\" data-e-type=\"widget\" data-settings=\"{&quot;youtube_url&quot;:&quot;https:\\\/\\\/youtu.be\\\/t4o-vsxUoAE&quot;,&quot;video_type&quot;:&quot;youtube&quot;,&quot;controls&quot;:&quot;yes&quot;}\" data-widget_type=\"video.default\">\n\t\t\t\t<div class=\"elementor-widget-container\">\n\t\t\t\t\t\t\t<div class=\"elementor-wrapper elementor-open-inline\">\n\t\t\t<div class=\"elementor-video\"><\/div>\t\t<\/div>\n\t\t\t\t\t\t<\/div>\n\t\t\t\t<\/div>\n\t\t\t\t\t<\/div>\n\t\t<\/div>\n\t\t\t\t\t<\/div>\n\t\t<\/section>\n\t\t\t\t<div class=\"elementor-element elementor-element-aaff83a elementor-widget elementor-widget-image\" data-id=\"aaff83a\" data-element_type=\"widget\" data-e-type=\"widget\" data-widget_type=\"image.default\">\n\t\t\t\t<div class=\"elementor-widget-container\">\n\t\t\t\t\t\t\t\t\t\t\t\t\t\t\t<img fetchpriority=\"high\" decoding=\"async\" width=\"2560\" height=\"1440\" src=\"https:\/\/mexpatrealtors.com\/wp-content\/uploads\/2022\/05\/Palmar-de-Arama-scaled.jpg\" class=\"attachment-full size-full wp-image-8407\" alt=\"\" srcset=\"https:\/\/mexpatrealtors.com\/wp-content\/uploads\/2022\/05\/Palmar-de-Arama-scaled.jpg 2560w, https:\/\/mexpatrealtors.com\/wp-content\/uploads\/2022\/05\/Palmar-de-Arama-300x169.jpg 300w, https:\/\/mexpatrealtors.com\/wp-content\/uploads\/2022\/05\/Palmar-de-Arama-1024x576.jpg 1024w, https:\/\/mexpatrealtors.com\/wp-content\/uploads\/2022\/05\/Palmar-de-Arama-768x432.jpg 768w, https:\/\/mexpatrealtors.com\/wp-content\/uploads\/2022\/05\/Palmar-de-Arama-1536x864.jpg 1536w, https:\/\/mexpatrealtors.com\/wp-content\/uploads\/2022\/05\/Palmar-de-Arama-2048x1152.jpg 2048w\" sizes=\"(max-width: 2560px) 100vw, 2560px\" \/>\t\t\t\t\t\t\t\t\t\t\t\t\t\t\t<\/div>\n\t\t\t\t<\/div>\n\t\t\t\t<div class=\"elementor-element elementor-element-62d4112 elementor-align-center elementor-widget elementor-widget-button\" data-id=\"62d4112\" data-element_type=\"widget\" data-e-type=\"widget\" data-widget_type=\"button.default\">\n\t\t\t\t<div class=\"elementor-widget-container\">\n\t\t\t\t\t\t\t\t\t<div class=\"elementor-button-wrapper\">\n\t\t\t\t\t<a class=\"elementor-button elementor-button-link elementor-size-sm elementor-animation-shrink\" href=\"https:\/\/mexpatrealtors.com\/wp-content\/uploads\/2022\/05\/Palmar-de-Aramara.pdf\" download=\"Palmar-de-Aramara\">\n\t\t\t\t\t\t<span class=\"elementor-button-content-wrapper\">\n\t\t\t\t\t\t\t\t\t<span class=\"elementor-button-text\">Download PDF Market Map<\/span>\n\t\t\t\t\t<\/span>\n\t\t\t\t\t<\/a>\n\t\t\t\t<\/div>\n\t\t\t\t\t\t\t\t<\/div>\n\t\t\t\t<\/div>\n\t\t\t\t<section class=\"elementor-section elementor-inner-section elementor-element elementor-element-3478873f elementor-section-boxed elementor-section-height-default elementor-section-height-default\" data-id=\"3478873f\" data-element_type=\"section\" data-e-type=\"section\">\n\t\t\t\t\t\t<div class=\"elementor-container elementor-column-gap-default\">\n\t\t\t\t\t<div class=\"elementor-column elementor-col-50 elementor-inner-column elementor-element elementor-element-52beedf4\" data-id=\"52beedf4\" data-element_type=\"column\" data-e-type=\"column\">\n\t\t\t<div class=\"elementor-widget-wrap elementor-element-populated\">\n\t\t\t\t\t\t<div class=\"elementor-element elementor-element-574cf22c elementor-widget elementor-widget-heading\" data-id=\"574cf22c\" data-element_type=\"widget\" data-e-type=\"widget\" data-widget_type=\"heading.default\">\n\t\t\t\t<div class=\"elementor-widget-container\">\n\t\t\t\t\t<h2 class=\"elementor-heading-title elementor-size-default\">Driving map route starting in the malecon \/ boardwalk<\/h2>\t\t\t\t<\/div>\n\t\t\t\t<\/div>\n\t\t\t\t<div class=\"elementor-element elementor-element-f03f663 elementor-widget elementor-widget-html\" data-id=\"f03f663\" data-element_type=\"widget\" data-e-type=\"widget\" data-widget_type=\"html.default\">\n\t\t\t\t<div class=\"elementor-widget-container\">\n\t\t\t\t\t<iframe src=\"https:\/\/www.google.com\/maps\/d\/embed?mid=1CCbPHKtQoC5NDvTL4wRQMrutmfIa9D0m&ehbc=2E312F\" width=\"250\" height=\"300\"><\/iframe>\t\t\t\t<\/div>\n\t\t\t\t<\/div>\n\t\t\t\t\t<\/div>\n\t\t<\/div>\n\t\t\t\t<div class=\"elementor-column elementor-col-50 elementor-inner-column elementor-element elementor-element-26c52d7\" data-id=\"26c52d7\" data-element_type=\"column\" data-e-type=\"column\">\n\t\t\t<div class=\"elementor-widget-wrap elementor-element-populated\">\n\t\t\t\t\t\t<div class=\"elementor-element elementor-element-53aa798 elementor-widget elementor-widget-heading\" data-id=\"53aa798\" data-element_type=\"widget\" data-e-type=\"widget\" data-widget_type=\"heading.default\">\n\t\t\t\t<div class=\"elementor-widget-container\">\n\t\t\t\t\t<h2 class=\"elementor-heading-title elementor-size-default\">Click below to find accommodation near this market<\/h2>\t\t\t\t<\/div>\n\t\t\t\t<\/div>\n\t\t\t\t<div class=\"elementor-element elementor-element-9603f5c elementor-widget-divider--view-line elementor-widget elementor-widget-divider\" data-id=\"9603f5c\" data-element_type=\"widget\" data-e-type=\"widget\" data-widget_type=\"divider.default\">\n\t\t\t\t<div class=\"elementor-widget-container\">\n\t\t\t\t\t\t\t<div class=\"elementor-divider\">\n\t\t\t<span class=\"elementor-divider-separator\">\n\t\t\t\t\t\t<\/span>\n\t\t<\/div>\n\t\t\t\t\t\t<\/div>\n\t\t\t\t<\/div>\n\t\t\t\t<div class=\"elementor-element elementor-element-83ad0c8 elementor-align-center elementor-widget elementor-widget-button\" data-id=\"83ad0c8\" data-element_type=\"widget\" data-e-type=\"widget\" data-widget_type=\"button.default\">\n\t\t\t\t<div class=\"elementor-widget-container\">\n\t\t\t\t\t\t\t\t\t<div class=\"elementor-button-wrapper\">\n\t\t\t\t\t<a class=\"elementor-button elementor-button-link elementor-size-sm elementor-animation-shrink\" href=\"https:\/\/www.hotelbuenaventura.com.mx\/es\" target=\"_blank\">\n\t\t\t\t\t\t<span class=\"elementor-button-content-wrapper\">\n\t\t\t\t\t\t\t\t\t<span class=\"elementor-button-text\">Buenaventura Grand Hotel &amp; Great Moments<\/span>\n\t\t\t\t\t<\/span>\n\t\t\t\t\t<\/a>\n\t\t\t\t<\/div>\n\t\t\t\t\t\t\t\t<\/div>\n\t\t\t\t<\/div>\n\t\t\t\t<div class=\"elementor-element elementor-element-7a7b84d elementor-align-center elementor-widget elementor-widget-button\" data-id=\"7a7b84d\" data-element_type=\"widget\" data-e-type=\"widget\" data-widget_type=\"button.default\">\n\t\t\t\t<div class=\"elementor-widget-container\">\n\t\t\t\t\t\t\t\t\t<div class=\"elementor-button-wrapper\">\n\t\t\t\t\t<a class=\"elementor-button elementor-button-link elementor-size-sm elementor-animation-shrink\" href=\"https:\/\/vallarta.hotelsuitesnadia.com\/\" target=\"_blank\">\n\t\t\t\t\t\t<span class=\"elementor-button-content-wrapper\">\n\t\t\t\t\t\t\t\t\t<span class=\"elementor-button-text\">HSN Hotel Suites Nadia<\/span>\n\t\t\t\t\t<\/span>\n\t\t\t\t\t<\/a>\n\t\t\t\t<\/div>\n\t\t\t\t\t\t\t\t<\/div>\n\t\t\t\t<\/div>\n\t\t\t\t<div class=\"elementor-element elementor-element-8055b8f elementor-align-center elementor-widget elementor-widget-button\" data-id=\"8055b8f\" data-element_type=\"widget\" data-e-type=\"widget\" data-widget_type=\"button.default\">\n\t\t\t\t<div class=\"elementor-widget-container\">\n\t\t\t\t\t\t\t\t\t<div class=\"elementor-button-wrapper\">\n\t\t\t\t\t<a class=\"elementor-button elementor-button-link elementor-size-sm elementor-animation-shrink\" href=\"https:\/\/sheratonvallartaallinclusive.com\/\" target=\"_blank\">\n\t\t\t\t\t\t<span class=\"elementor-button-content-wrapper\">\n\t\t\t\t\t\t\t\t\t<span class=\"elementor-button-text\">Sheraton Buganvilias Resort<\/span>\n\t\t\t\t\t<\/span>\n\t\t\t\t\t<\/a>\n\t\t\t\t<\/div>\n\t\t\t\t\t\t\t\t<\/div>\n\t\t\t\t<\/div>\n\t\t\t\t<div class=\"elementor-element elementor-element-10348bd elementor-align-center elementor-widget elementor-widget-button\" data-id=\"10348bd\" data-element_type=\"widget\" data-e-type=\"widget\" data-widget_type=\"button.default\">\n\t\t\t\t<div class=\"elementor-widget-container\">\n\t\t\t\t\t\t\t\t\t<div class=\"elementor-button-wrapper\">\n\t\t\t\t\t<a class=\"elementor-button elementor-button-link elementor-size-sm elementor-animation-shrink\" href=\"https:\/\/www.airbnb.mx\/s\/Palmar-de-Aramara--Puerto-Vallarta--Jal.--M%C3%A9xico\/homes?tab_id=home_tab&#038;refinement_paths%5B%5D=%2Fhomes&#038;flexible_trip_dates%5B%5D=june&#038;flexible_trip_dates%5B%5D=may&#038;flexible_trip_lengths%5B%5D=weekend_trip&#038;date_picker_type=calendar&#038;source=structured_search_input_header&#038;search_type=autocomplete_click&#038;query=Palmar%20de%20Aramara%2C%20Puerto%20Vallarta%2C%20Jal.%2C%20M%C3%A9xico&#038;place_id=ChIJH5Mw4ptFIYQR3R6PNdq0tlQ\" target=\"_blank\">\n\t\t\t\t\t\t<span class=\"elementor-button-content-wrapper\">\n\t\t\t\t\t\t<span class=\"elementor-button-icon\">\n\t\t\t\t<i aria-hidden=\"true\" class=\"fab fa-airbnb\"><\/i>\t\t\t<\/span>\n\t\t\t\t\t\t\t\t\t<span class=\"elementor-button-text\">Airbnb Listings<\/span>\n\t\t\t\t\t<\/span>\n\t\t\t\t\t<\/a>\n\t\t\t\t<\/div>\n\t\t\t\t\t\t\t\t<\/div>\n\t\t\t\t<\/div>\n\t\t\t\t\t<\/div>\n\t\t<\/div>\n\t\t\t\t\t<\/div>\n\t\t<\/section>\n\t\t\t\t<section class=\"elementor-section elementor-inner-section elementor-element elementor-element-17f6b294 elementor-section-boxed elementor-section-height-default elementor-section-height-default\" data-id=\"17f6b294\" data-element_type=\"section\" data-e-type=\"section\">\n\t\t\t\t\t\t<div class=\"elementor-container elementor-column-gap-default\">\n\t\t\t\t\t<div class=\"elementor-column elementor-col-100 elementor-inner-column elementor-element elementor-element-38335c55\" data-id=\"38335c55\" data-element_type=\"column\" data-e-type=\"column\">\n\t\t\t<div class=\"elementor-widget-wrap elementor-element-populated\">\n\t\t\t\t\t\t<div class=\"elementor-element elementor-element-4c7c0e15 elementor-widget elementor-widget-heading\" data-id=\"4c7c0e15\" data-element_type=\"widget\" data-e-type=\"widget\" data-widget_type=\"heading.default\">\n\t\t\t\t<div class=\"elementor-widget-container\">\n\t\t\t\t\t<h2 class=\"elementor-heading-title elementor-size-default\">Explorez les communaut\u00e9s<\/h2>\t\t\t\t<\/div>\n\t\t\t\t<\/div>\n\t\t\t\t\t<\/div>\n\t\t<\/div>\n\t\t\t\t\t<\/div>\n\t\t<\/section>\n\t\t\t\t\t<\/div>\n\t\t<\/div>\n\t\t\t\t\t<\/div>\n\t\t<\/section>\n\t\t\t\t<\/div>","protected":false},"excerpt":{"rendered":"<p>Palmar de Aramara Market Go back to see all markets Download PDF Market Map Driving map route starting in the malecon \/ boardwalk Click below to find accommodation near this market Buenaventura Grand Hotel &#038; Great Moments HSN Hotel Suites Nadia Sheraton Buganvilias Resort Airbnb Listings Explore Communities<\/p>","protected":false},"author":2,"featured_media":8132,"parent":0,"menu_order":0,"comment_status":"closed","ping_status":"closed","template":"","meta":{"_acf_changed":false,"site-sidebar-layout":"no-sidebar","site-content-layout":"page-builder","ast-site-content-layout":"default","site-content-style":"default","site-sidebar-style":"default","ast-global-header-display":"","ast-banner-title-visibility":"","ast-main-header-display":"","ast-hfb-above-header-display":"","ast-hfb-below-header-display":"","ast-hfb-mobile-header-display":"","site-post-title":"disabled","ast-breadcrumbs-content":"","ast-featured-img":"disabled","footer-sml-layout":"","ast-disable-related-posts":"","theme-transparent-header-meta":"default","adv-header-id-meta":"","stick-header-meta":"","header-above-stick-meta":"","header-main-stick-meta":"","header-below-stick-meta":"","astra-migrate-meta-layouts":"default","ast-page-background-enabled":"default","ast-page-background-meta":{"desktop":{"background-color":"","background-image":"","background-repeat":"repeat","background-position":"center center","background-size":"auto","background-attachment":"scroll","background-type":"","background-media":"","overlay-type":"","overlay-color":"","overlay-opacity":"","overlay-gradient":""},"tablet":{"background-color":"","background-image":"","background-repeat":"repeat","background-position":"center center","background-size":"auto","background-attachment":"scroll","background-type":"","background-media":"","overlay-type":"","overlay-color":"","overlay-opacity":"","overlay-gradient":""},"mobile":{"background-color":"","background-image":"","background-repeat":"repeat","background-position":"center center","background-size":"auto","background-attachment":"scroll","background-type":"","background-media":"","overlay-type":"","overlay-color":"","overlay-opacity":"","overlay-gradient":""}},"ast-content-background-meta":{"desktop":{"background-color":"var(--ast-global-color-5)","background-image":"","background-repeat":"repeat","background-position":"center center","background-size":"auto","background-attachment":"scroll","background-type":"","background-media":"","overlay-type":"","overlay-color":"","overlay-opacity":"","overlay-gradient":""},"tablet":{"background-color":"var(--ast-global-color-5)","background-image":"","background-repeat":"repeat","background-position":"center center","background-size":"auto","background-attachment":"scroll","background-type":"","background-media":"","overlay-type":"","overlay-color":"","overlay-opacity":"","overlay-gradient":""},"mobile":{"background-color":"var(--ast-global-color-5)","background-image":"","background-repeat":"repeat","background-position":"center center","background-size":"auto","background-attachment":"scroll","background-type":"","background-media":"","overlay-type":"","overlay-color":"","overlay-opacity":"","overlay-gradient":""}},"footnotes":""},"folder":[],"class_list":["post-8133","page","type-page","status-publish","has-post-thumbnail","hentry"],"acf":[],"yoast_head":"<!-- This site is optimized with the Yoast SEO plugin v27.4 - https:\/\/yoast.com\/product\/yoast-seo-wordpress\/ -->\n<title>Mexpat Realtors<\/title>\n<meta name=\"description\" content=\"Find all about Palmar de Aramara Market, routes, hotels, schedules, and Airbnb.\" \/>\n<meta name=\"robots\" content=\"index, follow, max-snippet:-1, max-image-preview:large, max-video-preview:-1\" \/>\n<link rel=\"canonical\" href=\"https:\/\/mexpatrealtors.com\/fr\/aramara-market\/\" \/>\n<meta property=\"og:locale\" content=\"fr_FR\" \/>\n<meta property=\"og:type\" content=\"article\" \/>\n<meta property=\"og:title\" content=\"Palmar de Aramara Market - Mexpat Realtors\" \/>\n<meta property=\"og:description\" content=\"Find all about Palmar de Aramara Market, routes, hotels, schedules, and Airbnb.\" \/>\n<meta property=\"og:url\" content=\"https:\/\/mexpatrealtors.com\/fr\/aramara-market\/\" \/>\n<meta property=\"og:site_name\" content=\"Mexpat Realtors\" \/>\n<meta property=\"article:modified_time\" content=\"2022-10-14T17:39:58+00:00\" \/>\n<meta property=\"og:image\" content=\"https:\/\/mexpatrealtors.com\/wp-content\/uploads\/2022\/05\/palmar-tile.jpg\" \/>\n\t<meta property=\"og:image:width\" content=\"576\" \/>\n\t<meta property=\"og:image:height\" content=\"576\" \/>\n\t<meta property=\"og:image:type\" content=\"image\/jpeg\" \/>\n<meta name=\"twitter:card\" content=\"summary_large_image\" \/>\n<meta name=\"twitter:title\" content=\"Palmar de Aramara Market - Mexpat Realtors\" \/>\n<meta name=\"twitter:description\" content=\"Find all about Palmar de Aramara Market, routes, hotels, schedules, and Airbnb.\" \/>\n<meta name=\"twitter:image\" content=\"https:\/\/mexpatrealtors.com\/wp-content\/uploads\/2022\/05\/palmar-tile.jpg\" \/>\n<meta name=\"twitter:label1\" content=\"Dur\u00e9e de lecture estim\u00e9e\" \/>\n\t<meta name=\"twitter:data1\" content=\"3 minutes\" \/>\n<script type=\"application\/ld+json\" class=\"yoast-schema-graph\">{\"@context\":\"https:\\\/\\\/schema.org\",\"@graph\":[{\"@type\":\"WebPage\",\"@id\":\"https:\\\/\\\/mexpatrealtors.com\\\/fr\\\/aramara-market\\\/\",\"url\":\"https:\\\/\\\/mexpatrealtors.com\\\/fr\\\/aramara-market\\\/\",\"name\":\"Palmar de Aramara Market - Mexpat Realtors\",\"isPartOf\":{\"@id\":\"https:\\\/\\\/mexpatrealtors.com\\\/#website\"},\"primaryImageOfPage\":{\"@id\":\"https:\\\/\\\/mexpatrealtors.com\\\/fr\\\/aramara-market\\\/#primaryimage\"},\"image\":{\"@id\":\"https:\\\/\\\/mexpatrealtors.com\\\/fr\\\/aramara-market\\\/#primaryimage\"},\"thumbnailUrl\":\"https:\\\/\\\/mexpatrealtors.com\\\/wp-content\\\/uploads\\\/2022\\\/05\\\/palmar-tile.jpg\",\"datePublished\":\"2022-05-05T22:18:00+00:00\",\"dateModified\":\"2022-10-14T17:39:58+00:00\",\"description\":\"Find all about Palmar de Aramara Market, routes, hotels, schedules, and Airbnb.\",\"breadcrumb\":{\"@id\":\"https:\\\/\\\/mexpatrealtors.com\\\/fr\\\/aramara-market\\\/#breadcrumb\"},\"inLanguage\":\"fr-FR\",\"potentialAction\":[{\"@type\":\"ReadAction\",\"target\":[\"https:\\\/\\\/mexpatrealtors.com\\\/fr\\\/aramara-market\\\/\"]}]},{\"@type\":\"ImageObject\",\"inLanguage\":\"fr-FR\",\"@id\":\"https:\\\/\\\/mexpatrealtors.com\\\/fr\\\/aramara-market\\\/#primaryimage\",\"url\":\"https:\\\/\\\/mexpatrealtors.com\\\/wp-content\\\/uploads\\\/2022\\\/05\\\/palmar-tile.jpg\",\"contentUrl\":\"https:\\\/\\\/mexpatrealtors.com\\\/wp-content\\\/uploads\\\/2022\\\/05\\\/palmar-tile.jpg\",\"width\":576,\"height\":576},{\"@type\":\"BreadcrumbList\",\"@id\":\"https:\\\/\\\/mexpatrealtors.com\\\/fr\\\/aramara-market\\\/#breadcrumb\",\"itemListElement\":[{\"@type\":\"ListItem\",\"position\":1,\"name\":\"Home\",\"item\":\"https:\\\/\\\/mexpatrealtors.com\\\/\"},{\"@type\":\"ListItem\",\"position\":2,\"name\":\"Palmar de Aramara Market\"}]},{\"@type\":\"WebSite\",\"@id\":\"https:\\\/\\\/mexpatrealtors.com\\\/#website\",\"url\":\"https:\\\/\\\/mexpatrealtors.com\\\/\",\"name\":\"Mexpat Realtors\",\"description\":\"Best Puerto Vallarta Realtors\",\"publisher\":{\"@id\":\"https:\\\/\\\/mexpatrealtors.com\\\/#organization\"},\"potentialAction\":[{\"@type\":\"SearchAction\",\"target\":{\"@type\":\"EntryPoint\",\"urlTemplate\":\"https:\\\/\\\/mexpatrealtors.com\\\/?s={search_term_string}\"},\"query-input\":{\"@type\":\"PropertyValueSpecification\",\"valueRequired\":true,\"valueName\":\"search_term_string\"}}],\"inLanguage\":\"fr-FR\"},{\"@type\":\"Organization\",\"@id\":\"https:\\\/\\\/mexpatrealtors.com\\\/#organization\",\"name\":\"Mexpat Realtors\",\"url\":\"https:\\\/\\\/mexpatrealtors.com\\\/\",\"logo\":{\"@type\":\"ImageObject\",\"inLanguage\":\"fr-FR\",\"@id\":\"https:\\\/\\\/mexpatrealtors.com\\\/#\\\/schema\\\/logo\\\/image\\\/\",\"url\":\"https:\\\/\\\/mexpatrealtors.com\\\/wp-content\\\/uploads\\\/2020\\\/02\\\/MEXPAT-LOGO-HIGH-DEFINITION-scaled.png\",\"contentUrl\":\"https:\\\/\\\/mexpatrealtors.com\\\/wp-content\\\/uploads\\\/2020\\\/02\\\/MEXPAT-LOGO-HIGH-DEFINITION-scaled.png\",\"width\":2560,\"height\":866,\"caption\":\"Mexpat Realtors\"},\"image\":{\"@id\":\"https:\\\/\\\/mexpatrealtors.com\\\/#\\\/schema\\\/logo\\\/image\\\/\"}}]}<\/script>\n<!-- \/ Yoast SEO plugin. -->","yoast_head_json":{"title":"Les agents immobiliers Mexpat sont des experts","description":"Tout savoir sur le march\u00e9 de Palmar de Aramara, les itin\u00e9raires, les h\u00f4tels, les horaires et Airbnb.","robots":{"index":"index","follow":"follow","max-snippet":"max-snippet:-1","max-image-preview":"max-image-preview:large","max-video-preview":"max-video-preview:-1"},"canonical":"https:\/\/mexpatrealtors.com\/fr\/aramara-market\/","og_locale":"fr_FR","og_type":"article","og_title":"Palmar de Aramara Market - Mexpat Realtors","og_description":"Find all about Palmar de Aramara Market, routes, hotels, schedules, and Airbnb.","og_url":"https:\/\/mexpatrealtors.com\/fr\/aramara-market\/","og_site_name":"Mexpat Realtors","article_modified_time":"2022-10-14T17:39:58+00:00","og_image":[{"width":576,"height":576,"url":"https:\/\/mexpatrealtors.com\/wp-content\/uploads\/2022\/05\/palmar-tile.jpg","type":"image\/jpeg"}],"twitter_card":"summary_large_image","twitter_title":"Palmar de Aramara Market - Mexpat Realtors","twitter_description":"Find all about Palmar de Aramara Market, routes, hotels, schedules, and Airbnb.","twitter_image":"https:\/\/mexpatrealtors.com\/wp-content\/uploads\/2022\/05\/palmar-tile.jpg","twitter_misc":{"Dur\u00e9e de lecture estim\u00e9e":"3 minutes"},"schema":{"@context":"https:\/\/schema.org","@graph":[{"@type":"WebPage","@id":"https:\/\/mexpatrealtors.com\/fr\/aramara-market\/","url":"https:\/\/mexpatrealtors.com\/fr\/aramara-market\/","name":"March\u00e9 Palmar de Aramara - Mexpat Realtors","isPartOf":{"@id":"https:\/\/mexpatrealtors.com\/#website"},"primaryImageOfPage":{"@id":"https:\/\/mexpatrealtors.com\/fr\/aramara-market\/#primaryimage"},"image":{"@id":"https:\/\/mexpatrealtors.com\/fr\/aramara-market\/#primaryimage"},"thumbnailUrl":"https:\/\/mexpatrealtors.com\/wp-content\/uploads\/2022\/05\/palmar-tile.jpg","datePublished":"2022-05-05T22:18:00+00:00","dateModified":"2022-10-14T17:39:58+00:00","description":"Tout savoir sur le march\u00e9 de Palmar de Aramara, les itin\u00e9raires, les h\u00f4tels, les horaires et Airbnb.","breadcrumb":{"@id":"https:\/\/mexpatrealtors.com\/fr\/aramara-market\/#breadcrumb"},"inLanguage":"fr-FR","potentialAction":[{"@type":"ReadAction","target":["https:\/\/mexpatrealtors.com\/fr\/aramara-market\/"]}]},{"@type":"ImageObject","inLanguage":"fr-FR","@id":"https:\/\/mexpatrealtors.com\/fr\/aramara-market\/#primaryimage","url":"https:\/\/mexpatrealtors.com\/wp-content\/uploads\/2022\/05\/palmar-tile.jpg","contentUrl":"https:\/\/mexpatrealtors.com\/wp-content\/uploads\/2022\/05\/palmar-tile.jpg","width":576,"height":576},{"@type":"BreadcrumbList","@id":"https:\/\/mexpatrealtors.com\/fr\/aramara-market\/#breadcrumb","itemListElement":[{"@type":"ListItem","position":1,"name":"Home","item":"https:\/\/mexpatrealtors.com\/"},{"@type":"ListItem","position":2,"name":"Palmar de Aramara Market"}]},{"@type":"WebSite","@id":"https:\/\/mexpatrealtors.com\/#website","url":"https:\/\/mexpatrealtors.com\/","name":"Les agents immobiliers Mexpat sont des experts","description":"Best Puerto Vallarta Realtors","publisher":{"@id":"https:\/\/mexpatrealtors.com\/#organization"},"potentialAction":[{"@type":"SearchAction","target":{"@type":"EntryPoint","urlTemplate":"https:\/\/mexpatrealtors.com\/?s={search_term_string}"},"query-input":{"@type":"PropertyValueSpecification","valueRequired":true,"valueName":"search_term_string"}}],"inLanguage":"fr-FR"},{"@type":"Organization","@id":"https:\/\/mexpatrealtors.com\/#organization","name":"Les agents immobiliers Mexpat sont des experts","url":"https:\/\/mexpatrealtors.com\/","logo":{"@type":"ImageObject","inLanguage":"fr-FR","@id":"https:\/\/mexpatrealtors.com\/#\/schema\/logo\/image\/","url":"https:\/\/mexpatrealtors.com\/wp-content\/uploads\/2020\/02\/MEXPAT-LOGO-HIGH-DEFINITION-scaled.png","contentUrl":"https:\/\/mexpatrealtors.com\/wp-content\/uploads\/2020\/02\/MEXPAT-LOGO-HIGH-DEFINITION-scaled.png","width":2560,"height":866,"caption":"Mexpat Realtors"},"image":{"@id":"https:\/\/mexpatrealtors.com\/#\/schema\/logo\/image\/"}}]}},"_links":{"self":[{"href":"https:\/\/mexpatrealtors.com\/fr\/wp-json\/wp\/v2\/pages\/8133","targetHints":{"allow":["GET"]}}],"collection":[{"href":"https:\/\/mexpatrealtors.com\/fr\/wp-json\/wp\/v2\/pages"}],"about":[{"href":"https:\/\/mexpatrealtors.com\/fr\/wp-json\/wp\/v2\/types\/page"}],"author":[{"embeddable":true,"href":"https:\/\/mexpatrealtors.com\/fr\/wp-json\/wp\/v2\/users\/2"}],"replies":[{"embeddable":true,"href":"https:\/\/mexpatrealtors.com\/fr\/wp-json\/wp\/v2\/comments?post=8133"}],"version-history":[{"count":13,"href":"https:\/\/mexpatrealtors.com\/fr\/wp-json\/wp\/v2\/pages\/8133\/revisions"}],"predecessor-version":[{"id":12141,"href":"https:\/\/mexpatrealtors.com\/fr\/wp-json\/wp\/v2\/pages\/8133\/revisions\/12141"}],"wp:featuredmedia":[{"embeddable":true,"href":"https:\/\/mexpatrealtors.com\/fr\/wp-json\/wp\/v2\/media\/8132"}],"wp:attachment":[{"href":"https:\/\/mexpatrealtors.com\/fr\/wp-json\/wp\/v2\/media?parent=8133"}],"wp:term":[{"taxonomy":"folder","embeddable":true,"href":"https:\/\/mexpatrealtors.com\/fr\/wp-json\/wp\/v2\/folder?post=8133"}],"curies":[{"name":"wp","href":"https:\/\/api.w.org\/{rel}","templated":true}]}}