{"id":7751,"date":"2022-05-02T08:47:34","date_gmt":"2022-05-02T14:47:34","guid":{"rendered":"https:\/\/mexpatrealtors.com\/?page_id=7751"},"modified":"2023-01-05T22:43:59","modified_gmt":"2023-01-06T04:43:59","slug":"hotel-zone-beaches","status":"publish","type":"page","link":"https:\/\/mexpatrealtors.com\/fr\/hotel-zone-beaches\/","title":{"rendered":"Plages de la zone h\u00f4teli\u00e8re"},"content":{"rendered":"<div data-elementor-type=\"wp-page\" data-elementor-id=\"7751\" class=\"elementor elementor-7751\" data-elementor-post-type=\"page\">\n\t\t\t\t\t\t<section class=\"elementor-section elementor-top-section elementor-element elementor-element-d3c8908 elementor-section-boxed elementor-section-height-default elementor-section-height-default\" data-id=\"d3c8908\" data-element_type=\"section\" data-e-type=\"section\">\n\t\t\t\t\t\t<div class=\"elementor-container elementor-column-gap-default\">\n\t\t\t\t\t<div class=\"elementor-column elementor-col-100 elementor-top-column elementor-element elementor-element-c6d7de5\" data-id=\"c6d7de5\" data-element_type=\"column\" data-e-type=\"column\">\n\t\t\t<div class=\"elementor-widget-wrap elementor-element-populated\">\n\t\t\t\t\t\t<div class=\"elementor-element elementor-element-8baed3e elementor-widget elementor-widget-heading\" data-id=\"8baed3e\" data-element_type=\"widget\" data-e-type=\"widget\" data-widget_type=\"heading.default\">\n\t\t\t\t<div class=\"elementor-widget-container\">\n\t\t\t\t\t<h2 class=\"elementor-heading-title elementor-size-default\">Plages de la zone h\u00f4teli\u00e8re<\/h2>\t\t\t\t<\/div>\n\t\t\t\t<\/div>\n\t\t\t\t<div class=\"elementor-element elementor-element-7f68216 elementor-align-center elementor-widget elementor-widget-button\" data-id=\"7f68216\" data-element_type=\"widget\" data-e-type=\"widget\" data-widget_type=\"button.default\">\n\t\t\t\t<div class=\"elementor-widget-container\">\n\t\t\t\t\t\t\t\t\t<div class=\"elementor-button-wrapper\">\n\t\t\t\t\t<a class=\"elementor-button elementor-button-link elementor-size-sm elementor-animation-shrink\" href=\"https:\/\/mexpatrealtors.com\/fr\/beaches-of-bahia-de-banderas\/\">\n\t\t\t\t\t\t<span class=\"elementor-button-content-wrapper\">\n\t\t\t\t\t\t\t\t\t<span class=\"elementor-button-text\">Go back to see all beaches<\/span>\n\t\t\t\t\t<\/span>\n\t\t\t\t\t<\/a>\n\t\t\t\t<\/div>\n\t\t\t\t\t\t\t\t<\/div>\n\t\t\t\t<\/div>\n\t\t\t\t\t<\/div>\n\t\t<\/div>\n\t\t\t\t\t<\/div>\n\t\t<\/section>\n\t\t\t\t<section class=\"elementor-section elementor-top-section elementor-element elementor-element-c03f9c4 elementor-section-boxed elementor-section-height-default elementor-section-height-default\" data-id=\"c03f9c4\" data-element_type=\"section\" data-e-type=\"section\">\n\t\t\t\t\t\t<div class=\"elementor-container elementor-column-gap-default\">\n\t\t\t\t\t<div class=\"elementor-column elementor-col-100 elementor-top-column elementor-element elementor-element-f5ca1e7\" data-id=\"f5ca1e7\" data-element_type=\"column\" data-e-type=\"column\">\n\t\t\t<div class=\"elementor-widget-wrap elementor-element-populated\">\n\t\t\t\t\t\t<div class=\"elementor-element elementor-element-2a80db3 elementor-widget elementor-widget-video\" data-id=\"2a80db3\" data-element_type=\"widget\" data-e-type=\"widget\" data-settings=\"{&quot;youtube_url&quot;:&quot;https:\\\/\\\/www.youtube.com\\\/watch?v=1yC1YpZRTOI&quot;,&quot;video_type&quot;:&quot;youtube&quot;,&quot;controls&quot;:&quot;yes&quot;}\" data-widget_type=\"video.default\">\n\t\t\t\t<div class=\"elementor-widget-container\">\n\t\t\t\t\t\t\t<div class=\"elementor-wrapper elementor-open-inline\">\n\t\t\t<div class=\"elementor-video\"><\/div>\t\t<\/div>\n\t\t\t\t\t\t<\/div>\n\t\t\t\t<\/div>\n\t\t\t\t\t<\/div>\n\t\t<\/div>\n\t\t\t\t\t<\/div>\n\t\t<\/section>\n\t\t\t\t<section class=\"elementor-section elementor-top-section elementor-element elementor-element-b4aa58b elementor-section-boxed elementor-section-height-default elementor-section-height-default\" data-id=\"b4aa58b\" data-element_type=\"section\" data-e-type=\"section\">\n\t\t\t\t\t\t<div class=\"elementor-container elementor-column-gap-default\">\n\t\t\t\t\t<div class=\"elementor-column elementor-col-50 elementor-top-column elementor-element elementor-element-a3c0f12\" data-id=\"a3c0f12\" data-element_type=\"column\" data-e-type=\"column\">\n\t\t\t<div class=\"elementor-widget-wrap elementor-element-populated\">\n\t\t\t\t\t\t<div class=\"elementor-element elementor-element-273cea9 elementor-widget elementor-widget-heading\" data-id=\"273cea9\" data-element_type=\"widget\" data-e-type=\"widget\" data-widget_type=\"heading.default\">\n\t\t\t\t<div class=\"elementor-widget-container\">\n\t\t\t\t\t<h2 class=\"elementor-heading-title elementor-size-default\">Driving map route starting in the malecon \/ boardwalk<\/h2>\t\t\t\t<\/div>\n\t\t\t\t<\/div>\n\t\t\t\t<div class=\"elementor-element elementor-element-0e2f286 elementor-widget elementor-widget-shortcode\" data-id=\"0e2f286\" data-element_type=\"widget\" data-e-type=\"widget\" data-widget_type=\"shortcode.default\">\n\t\t\t\t<div class=\"elementor-widget-container\">\n\t\t\t\t\t\t\t<div class=\"elementor-shortcode\"><iframe src=\"https:\/\/www.google.com\/maps\/d\/u\/3\/embed?mid=1ImX1Qi2ahU-wXrgJcjcGfRijfROSviLV&ehbc=2E312F\" width=\"250\" height=\"280\"><\/iframe><\/div>\n\t\t\t\t\t\t<\/div>\n\t\t\t\t<\/div>\n\t\t\t\t\t<\/div>\n\t\t<\/div>\n\t\t\t\t<div class=\"elementor-column elementor-col-50 elementor-top-column elementor-element elementor-element-2de9163\" data-id=\"2de9163\" data-element_type=\"column\" data-e-type=\"column\">\n\t\t\t<div class=\"elementor-widget-wrap elementor-element-populated\">\n\t\t\t\t\t\t<div class=\"elementor-element elementor-element-f72f786 elementor-widget elementor-widget-heading\" data-id=\"f72f786\" data-element_type=\"widget\" data-e-type=\"widget\" data-widget_type=\"heading.default\">\n\t\t\t\t<div class=\"elementor-widget-container\">\n\t\t\t\t\t<h2 class=\"elementor-heading-title elementor-size-default\">Click below to find accommodation near this beach<\/h2>\t\t\t\t<\/div>\n\t\t\t\t<\/div>\n\t\t\t\t<div class=\"elementor-element elementor-element-87ad7ed elementor-widget-divider--view-line elementor-widget elementor-widget-divider\" data-id=\"87ad7ed\" data-element_type=\"widget\" data-e-type=\"widget\" data-widget_type=\"divider.default\">\n\t\t\t\t<div class=\"elementor-widget-container\">\n\t\t\t\t\t\t\t<div class=\"elementor-divider\">\n\t\t\t<span class=\"elementor-divider-separator\">\n\t\t\t\t\t\t<\/span>\n\t\t<\/div>\n\t\t\t\t\t\t<\/div>\n\t\t\t\t<\/div>\n\t\t\t\t<div class=\"elementor-element elementor-element-3e59d3a elementor-align-center elementor-widget elementor-widget-button\" data-id=\"3e59d3a\" data-element_type=\"widget\" data-e-type=\"widget\" data-widget_type=\"button.default\">\n\t\t\t\t<div class=\"elementor-widget-container\">\n\t\t\t\t\t\t\t\t\t<div class=\"elementor-button-wrapper\">\n\t\t\t\t\t<a class=\"elementor-button elementor-button-link elementor-size-sm elementor-animation-shrink\" href=\"https:\/\/www.krystalhotels.com.mx\/puerto-vallarta\">\n\t\t\t\t\t\t<span class=\"elementor-button-content-wrapper\">\n\t\t\t\t\t\t\t\t\t<span class=\"elementor-button-text\">Krystal Vallarta<\/span>\n\t\t\t\t\t<\/span>\n\t\t\t\t\t<\/a>\n\t\t\t\t<\/div>\n\t\t\t\t\t\t\t\t<\/div>\n\t\t\t\t<\/div>\n\t\t\t\t<div class=\"elementor-element elementor-element-2e814b4 elementor-align-center elementor-widget elementor-widget-button\" data-id=\"2e814b4\" data-element_type=\"widget\" data-e-type=\"widget\" data-widget_type=\"button.default\">\n\t\t\t\t<div class=\"elementor-widget-container\">\n\t\t\t\t\t\t\t\t\t<div class=\"elementor-button-wrapper\">\n\t\t\t\t\t<a class=\"elementor-button elementor-button-link elementor-size-sm elementor-animation-shrink\" href=\"https:\/\/hotelmiovallarta.com.mx\/en\/\">\n\t\t\t\t\t\t<span class=\"elementor-button-content-wrapper\">\n\t\t\t\t\t\t\t\t\t<span class=\"elementor-button-text\">Hotel Mio<\/span>\n\t\t\t\t\t<\/span>\n\t\t\t\t\t<\/a>\n\t\t\t\t<\/div>\n\t\t\t\t\t\t\t\t<\/div>\n\t\t\t\t<\/div>\n\t\t\t\t<div class=\"elementor-element elementor-element-abf7f4f elementor-align-center elementor-widget elementor-widget-button\" data-id=\"abf7f4f\" data-element_type=\"widget\" data-e-type=\"widget\" data-widget_type=\"button.default\">\n\t\t\t\t<div class=\"elementor-widget-container\">\n\t\t\t\t\t\t\t\t\t<div class=\"elementor-button-wrapper\">\n\t\t\t\t\t<a class=\"elementor-button elementor-button-link elementor-size-sm elementor-animation-shrink\" href=\"https:\/\/hotelfriendlyfun.com\/\">\n\t\t\t\t\t\t<span class=\"elementor-button-content-wrapper\">\n\t\t\t\t\t\t\t\t\t<span class=\"elementor-button-text\">Hotel Friendly Fun<\/span>\n\t\t\t\t\t<\/span>\n\t\t\t\t\t<\/a>\n\t\t\t\t<\/div>\n\t\t\t\t\t\t\t\t<\/div>\n\t\t\t\t<\/div>\n\t\t\t\t<div class=\"elementor-element elementor-element-ffd94f3 elementor-align-center elementor-widget elementor-widget-button\" data-id=\"ffd94f3\" data-element_type=\"widget\" data-e-type=\"widget\" data-widget_type=\"button.default\">\n\t\t\t\t<div class=\"elementor-widget-container\">\n\t\t\t\t\t\t\t\t\t<div class=\"elementor-button-wrapper\">\n\t\t\t\t\t<a class=\"elementor-button elementor-button-link elementor-size-sm elementor-animation-shrink\" href=\"https:\/\/www.airbnb.com\/s\/Zona-Hotelera-Norte--Puerto-Vallarta--Mexico\/homes?adults=1&#038;place_id=ChIJKWOwTJ5FIYQRaiXy_4zT98E&#038;refinement_paths%5B%5D=%2Fhomes\">\n\t\t\t\t\t\t<span class=\"elementor-button-content-wrapper\">\n\t\t\t\t\t\t<span class=\"elementor-button-icon\">\n\t\t\t\t<i aria-hidden=\"true\" class=\"fab fa-airbnb\"><\/i>\t\t\t<\/span>\n\t\t\t\t\t\t\t\t\t<span class=\"elementor-button-text\">Airbnb Listings<\/span>\n\t\t\t\t\t<\/span>\n\t\t\t\t\t<\/a>\n\t\t\t\t<\/div>\n\t\t\t\t\t\t\t\t<\/div>\n\t\t\t\t<\/div>\n\t\t\t\t\t<\/div>\n\t\t<\/div>\n\t\t\t\t\t<\/div>\n\t\t<\/section>\n\t\t\t\t<section class=\"elementor-section elementor-top-section elementor-element elementor-element-fe11c04 elementor-section-boxed elementor-section-height-default elementor-section-height-default\" data-id=\"fe11c04\" data-element_type=\"section\" data-e-type=\"section\">\n\t\t\t\t\t\t<div class=\"elementor-container elementor-column-gap-default\">\n\t\t\t\t\t<div class=\"elementor-column elementor-col-100 elementor-top-column elementor-element elementor-element-54df018\" data-id=\"54df018\" data-element_type=\"column\" data-e-type=\"column\">\n\t\t\t<div class=\"elementor-widget-wrap elementor-element-populated\">\n\t\t\t\t\t\t<div class=\"elementor-element elementor-element-05c20f8 elementor-widget elementor-widget-heading\" data-id=\"05c20f8\" data-element_type=\"widget\" data-e-type=\"widget\" data-widget_type=\"heading.default\">\n\t\t\t\t<div class=\"elementor-widget-container\">\n\t\t\t\t\t<h2 class=\"elementor-heading-title elementor-size-default\">Communities Near this Beach<\/h2>\t\t\t\t<\/div>\n\t\t\t\t<\/div>\n\t\t\t\t<section class=\"elementor-section elementor-inner-section elementor-element elementor-element-139123a elementor-section-boxed elementor-section-height-default elementor-section-height-default\" data-id=\"139123a\" data-element_type=\"section\" data-e-type=\"section\">\n\t\t\t\t\t\t<div class=\"elementor-container elementor-column-gap-default\">\n\t\t\t\t\t<div class=\"elementor-column elementor-col-50 elementor-inner-column elementor-element elementor-element-ec3f12d\" data-id=\"ec3f12d\" data-element_type=\"column\" data-e-type=\"column\">\n\t\t\t<div class=\"elementor-widget-wrap elementor-element-populated\">\n\t\t\t\t\t\t<div class=\"elementor-element elementor-element-dfce2cc elementor-widget elementor-widget-image\" data-id=\"dfce2cc\" data-element_type=\"widget\" data-e-type=\"widget\" data-widget_type=\"image.default\">\n\t\t\t\t<div class=\"elementor-widget-container\">\n\t\t\t\t\t\t\t\t\t\t\t\t\t\t\t\t<a href=\"https:\/\/mexpatrealtors.com\/fr\/versalles\/\">\n\t\t\t\t\t\t\t<img fetchpriority=\"high\" decoding=\"async\" width=\"800\" height=\"800\" src=\"https:\/\/mexpatrealtors.com\/wp-content\/uploads\/2023\/01\/Frame-54.png\" class=\"attachment-large size-large wp-image-14160\" alt=\"\" srcset=\"https:\/\/mexpatrealtors.com\/wp-content\/uploads\/2023\/01\/Frame-54.png 800w, https:\/\/mexpatrealtors.com\/wp-content\/uploads\/2023\/01\/Frame-54-300x300.png 300w, https:\/\/mexpatrealtors.com\/wp-content\/uploads\/2023\/01\/Frame-54-150x150.png 150w, https:\/\/mexpatrealtors.com\/wp-content\/uploads\/2023\/01\/Frame-54-768x768.png 768w\" sizes=\"(max-width: 800px) 100vw, 800px\" \/>\t\t\t\t\t\t\t\t<\/a>\n\t\t\t\t\t\t\t\t\t\t\t\t\t\t\t<\/div>\n\t\t\t\t<\/div>\n\t\t\t\t\t<\/div>\n\t\t<\/div>\n\t\t\t\t<div class=\"elementor-column elementor-col-50 elementor-inner-column elementor-element elementor-element-49997b6\" data-id=\"49997b6\" data-element_type=\"column\" data-e-type=\"column\">\n\t\t\t<div class=\"elementor-widget-wrap elementor-element-populated\">\n\t\t\t\t\t\t<div class=\"elementor-element elementor-element-50c340b elementor-widget elementor-widget-image\" data-id=\"50c340b\" data-element_type=\"widget\" data-e-type=\"widget\" data-widget_type=\"image.default\">\n\t\t\t\t<div class=\"elementor-widget-container\">\n\t\t\t\t\t\t\t\t\t\t\t\t\t\t\t\t<a href=\"https:\/\/mexpatrealtors.com\/fr\/marina\/\">\n\t\t\t\t\t\t\t<img decoding=\"async\" width=\"800\" height=\"800\" src=\"https:\/\/mexpatrealtors.com\/wp-content\/uploads\/2023\/01\/Frame-55.png\" class=\"attachment-large size-large wp-image-14159\" alt=\"\" srcset=\"https:\/\/mexpatrealtors.com\/wp-content\/uploads\/2023\/01\/Frame-55.png 800w, https:\/\/mexpatrealtors.com\/wp-content\/uploads\/2023\/01\/Frame-55-300x300.png 300w, https:\/\/mexpatrealtors.com\/wp-content\/uploads\/2023\/01\/Frame-55-150x150.png 150w, https:\/\/mexpatrealtors.com\/wp-content\/uploads\/2023\/01\/Frame-55-768x768.png 768w\" sizes=\"(max-width: 800px) 100vw, 800px\" \/>\t\t\t\t\t\t\t\t<\/a>\n\t\t\t\t\t\t\t\t\t\t\t\t\t\t\t<\/div>\n\t\t\t\t<\/div>\n\t\t\t\t\t<\/div>\n\t\t<\/div>\n\t\t\t\t\t<\/div>\n\t\t<\/section>\n\t\t\t\t\t<\/div>\n\t\t<\/div>\n\t\t\t\t\t<\/div>\n\t\t<\/section>\n\t\t\t\t<\/div>","protected":false},"excerpt":{"rendered":"<p>Plages de la zone h\u00f4teli\u00e8re\nRetour pour voir toutes les plages\nCarte routi\u00e8re \u00e0 partir du Malec\u00f3n \/ promenade\nCliquez ci-dessous pour trouver un h\u00e9bergement pr\u00e8s de cette plage\nH\u00f4tel Krystal Vallarta\nH\u00f4tel Mio\nH\u00f4tel Friendly Fun\nAnnonces Airbnb\nCommunaut\u00e9s pr\u00e8s de cette plage<\/p>","protected":false},"author":2,"featured_media":7749,"parent":0,"menu_order":0,"comment_status":"closed","ping_status":"closed","template":"","meta":{"_acf_changed":false,"site-sidebar-layout":"no-sidebar","site-content-layout":"page-builder","ast-site-content-layout":"default","site-content-style":"default","site-sidebar-style":"default","ast-global-header-display":"","ast-banner-title-visibility":"","ast-main-header-display":"","ast-hfb-above-header-display":"","ast-hfb-below-header-display":"","ast-hfb-mobile-header-display":"","site-post-title":"disabled","ast-breadcrumbs-content":"","ast-featured-img":"disabled","footer-sml-layout":"","ast-disable-related-posts":"","theme-transparent-header-meta":"default","adv-header-id-meta":"","stick-header-meta":"","header-above-stick-meta":"","header-main-stick-meta":"","header-below-stick-meta":"","astra-migrate-meta-layouts":"default","ast-page-background-enabled":"default","ast-page-background-meta":{"desktop":{"background-color":"","background-image":"","background-repeat":"repeat","background-position":"center center","background-size":"auto","background-attachment":"scroll","background-type":"","background-media":"","overlay-type":"","overlay-color":"","overlay-opacity":"","overlay-gradient":""},"tablet":{"background-color":"","background-image":"","background-repeat":"repeat","background-position":"center center","background-size":"auto","background-attachment":"scroll","background-type":"","background-media":"","overlay-type":"","overlay-color":"","overlay-opacity":"","overlay-gradient":""},"mobile":{"background-color":"","background-image":"","background-repeat":"repeat","background-position":"center center","background-size":"auto","background-attachment":"scroll","background-type":"","background-media":"","overlay-type":"","overlay-color":"","overlay-opacity":"","overlay-gradient":""}},"ast-content-background-meta":{"desktop":{"background-color":"var(--ast-global-color-5)","background-image":"","background-repeat":"repeat","background-position":"center center","background-size":"auto","background-attachment":"scroll","background-type":"","background-media":"","overlay-type":"","overlay-color":"","overlay-opacity":"","overlay-gradient":""},"tablet":{"background-color":"var(--ast-global-color-5)","background-image":"","background-repeat":"repeat","background-position":"center center","background-size":"auto","background-attachment":"scroll","background-type":"","background-media":"","overlay-type":"","overlay-color":"","overlay-opacity":"","overlay-gradient":""},"mobile":{"background-color":"var(--ast-global-color-5)","background-image":"","background-repeat":"repeat","background-position":"center center","background-size":"auto","background-attachment":"scroll","background-type":"","background-media":"","overlay-type":"","overlay-color":"","overlay-opacity":"","overlay-gradient":""}},"footnotes":""},"folder":[175],"class_list":["post-7751","page","type-page","status-publish","has-post-thumbnail","hentry"],"acf":[],"yoast_head":"<!-- This site is optimized with the Yoast SEO plugin v27.4 - https:\/\/yoast.com\/product\/yoast-seo-wordpress\/ -->\n<title>Mexpat Realtors<\/title>\n<meta name=\"description\" content=\"Discover the beaches of the Hotel Zone in Puerto Vallarta Mexico.\" \/>\n<meta name=\"robots\" content=\"index, follow, max-snippet:-1, max-image-preview:large, max-video-preview:-1\" \/>\n<link rel=\"canonical\" href=\"https:\/\/mexpatrealtors.com\/fr\/hotel-zone-beaches\/\" \/>\n<meta property=\"og:locale\" content=\"fr_FR\" \/>\n<meta property=\"og:type\" content=\"article\" \/>\n<meta property=\"og:title\" content=\"Hotel Zone Beaches - Mexpat Realtors\" \/>\n<meta property=\"og:description\" content=\"Discover the beaches of the Hotel Zone in Puerto Vallarta Mexico.\" \/>\n<meta property=\"og:url\" content=\"https:\/\/mexpatrealtors.com\/fr\/hotel-zone-beaches\/\" \/>\n<meta property=\"og:site_name\" content=\"Mexpat Realtors\" \/>\n<meta property=\"article:modified_time\" content=\"2023-01-06T04:43:59+00:00\" \/>\n<meta property=\"og:image\" content=\"https:\/\/mexpatrealtors.com\/wp-content\/uploads\/2022\/05\/vallarta-hotel-zone-beach-condos-1140x640-c.jpeg\" \/>\n\t<meta property=\"og:image:width\" content=\"1140\" \/>\n\t<meta property=\"og:image:height\" content=\"640\" \/>\n\t<meta property=\"og:image:type\" content=\"image\/jpeg\" \/>\n<meta name=\"twitter:card\" content=\"summary_large_image\" \/>\n<meta name=\"twitter:label1\" content=\"Dur\u00e9e de lecture estim\u00e9e\" \/>\n\t<meta name=\"twitter:data1\" content=\"1 minute\" \/>\n<script type=\"application\/ld+json\" class=\"yoast-schema-graph\">{\"@context\":\"https:\\\/\\\/schema.org\",\"@graph\":[{\"@type\":\"WebPage\",\"@id\":\"https:\\\/\\\/mexpatrealtors.com\\\/hotel-zone-beaches\\\/\",\"url\":\"https:\\\/\\\/mexpatrealtors.com\\\/hotel-zone-beaches\\\/\",\"name\":\"Hotel Zone Beaches - Mexpat Realtors\",\"isPartOf\":{\"@id\":\"https:\\\/\\\/mexpatrealtors.com\\\/#website\"},\"primaryImageOfPage\":{\"@id\":\"https:\\\/\\\/mexpatrealtors.com\\\/hotel-zone-beaches\\\/#primaryimage\"},\"image\":{\"@id\":\"https:\\\/\\\/mexpatrealtors.com\\\/hotel-zone-beaches\\\/#primaryimage\"},\"thumbnailUrl\":\"https:\\\/\\\/mexpatrealtors.com\\\/wp-content\\\/uploads\\\/2022\\\/05\\\/vallarta-hotel-zone-beach-condos-1140x640-c.jpeg\",\"datePublished\":\"2022-05-02T14:47:34+00:00\",\"dateModified\":\"2023-01-06T04:43:59+00:00\",\"description\":\"Discover the beaches of the Hotel Zone in Puerto Vallarta Mexico.\",\"breadcrumb\":{\"@id\":\"https:\\\/\\\/mexpatrealtors.com\\\/hotel-zone-beaches\\\/#breadcrumb\"},\"inLanguage\":\"fr-FR\",\"potentialAction\":[{\"@type\":\"ReadAction\",\"target\":[\"https:\\\/\\\/mexpatrealtors.com\\\/hotel-zone-beaches\\\/\"]}]},{\"@type\":\"ImageObject\",\"inLanguage\":\"fr-FR\",\"@id\":\"https:\\\/\\\/mexpatrealtors.com\\\/hotel-zone-beaches\\\/#primaryimage\",\"url\":\"https:\\\/\\\/mexpatrealtors.com\\\/wp-content\\\/uploads\\\/2022\\\/05\\\/vallarta-hotel-zone-beach-condos-1140x640-c.jpeg\",\"contentUrl\":\"https:\\\/\\\/mexpatrealtors.com\\\/wp-content\\\/uploads\\\/2022\\\/05\\\/vallarta-hotel-zone-beach-condos-1140x640-c.jpeg\",\"width\":1140,\"height\":640},{\"@type\":\"BreadcrumbList\",\"@id\":\"https:\\\/\\\/mexpatrealtors.com\\\/hotel-zone-beaches\\\/#breadcrumb\",\"itemListElement\":[{\"@type\":\"ListItem\",\"position\":1,\"name\":\"Home\",\"item\":\"https:\\\/\\\/mexpatrealtors.com\\\/\"},{\"@type\":\"ListItem\",\"position\":2,\"name\":\"Hotel Zone Beaches\"}]},{\"@type\":\"WebSite\",\"@id\":\"https:\\\/\\\/mexpatrealtors.com\\\/#website\",\"url\":\"https:\\\/\\\/mexpatrealtors.com\\\/\",\"name\":\"Mexpat Realtors\",\"description\":\"Best Puerto Vallarta Realtors\",\"publisher\":{\"@id\":\"https:\\\/\\\/mexpatrealtors.com\\\/#organization\"},\"potentialAction\":[{\"@type\":\"SearchAction\",\"target\":{\"@type\":\"EntryPoint\",\"urlTemplate\":\"https:\\\/\\\/mexpatrealtors.com\\\/?s={search_term_string}\"},\"query-input\":{\"@type\":\"PropertyValueSpecification\",\"valueRequired\":true,\"valueName\":\"search_term_string\"}}],\"inLanguage\":\"fr-FR\"},{\"@type\":\"Organization\",\"@id\":\"https:\\\/\\\/mexpatrealtors.com\\\/#organization\",\"name\":\"Mexpat Realtors\",\"url\":\"https:\\\/\\\/mexpatrealtors.com\\\/\",\"logo\":{\"@type\":\"ImageObject\",\"inLanguage\":\"fr-FR\",\"@id\":\"https:\\\/\\\/mexpatrealtors.com\\\/#\\\/schema\\\/logo\\\/image\\\/\",\"url\":\"https:\\\/\\\/mexpatrealtors.com\\\/wp-content\\\/uploads\\\/2020\\\/02\\\/MEXPAT-LOGO-HIGH-DEFINITION-scaled.png\",\"contentUrl\":\"https:\\\/\\\/mexpatrealtors.com\\\/wp-content\\\/uploads\\\/2020\\\/02\\\/MEXPAT-LOGO-HIGH-DEFINITION-scaled.png\",\"width\":2560,\"height\":866,\"caption\":\"Mexpat Realtors\"},\"image\":{\"@id\":\"https:\\\/\\\/mexpatrealtors.com\\\/#\\\/schema\\\/logo\\\/image\\\/\"}}]}<\/script>\n<!-- \/ Yoast SEO plugin. -->","yoast_head_json":{"title":"Les agents immobiliers Mexpat sont des experts","description":"Discover the beaches of the Hotel Zone in Puerto Vallarta Mexico.","robots":{"index":"index","follow":"follow","max-snippet":"max-snippet:-1","max-image-preview":"max-image-preview:large","max-video-preview":"max-video-preview:-1"},"canonical":"https:\/\/mexpatrealtors.com\/fr\/hotel-zone-beaches\/","og_locale":"fr_FR","og_type":"article","og_title":"Hotel Zone Beaches - Mexpat Realtors","og_description":"Discover the beaches of the Hotel Zone in Puerto Vallarta Mexico.","og_url":"https:\/\/mexpatrealtors.com\/fr\/hotel-zone-beaches\/","og_site_name":"Mexpat Realtors","article_modified_time":"2023-01-06T04:43:59+00:00","og_image":[{"width":1140,"height":640,"url":"https:\/\/mexpatrealtors.com\/wp-content\/uploads\/2022\/05\/vallarta-hotel-zone-beach-condos-1140x640-c.jpeg","type":"image\/jpeg"}],"twitter_card":"summary_large_image","twitter_misc":{"Dur\u00e9e de lecture estim\u00e9e":"1 minute"},"schema":{"@context":"https:\/\/schema.org","@graph":[{"@type":"WebPage","@id":"https:\/\/mexpatrealtors.com\/hotel-zone-beaches\/","url":"https:\/\/mexpatrealtors.com\/hotel-zone-beaches\/","name":"Hotel Zone Beaches - Mexpat Realtors","isPartOf":{"@id":"https:\/\/mexpatrealtors.com\/#website"},"primaryImageOfPage":{"@id":"https:\/\/mexpatrealtors.com\/hotel-zone-beaches\/#primaryimage"},"image":{"@id":"https:\/\/mexpatrealtors.com\/hotel-zone-beaches\/#primaryimage"},"thumbnailUrl":"https:\/\/mexpatrealtors.com\/wp-content\/uploads\/2022\/05\/vallarta-hotel-zone-beach-condos-1140x640-c.jpeg","datePublished":"2022-05-02T14:47:34+00:00","dateModified":"2023-01-06T04:43:59+00:00","description":"Discover the beaches of the Hotel Zone in Puerto Vallarta Mexico.","breadcrumb":{"@id":"https:\/\/mexpatrealtors.com\/hotel-zone-beaches\/#breadcrumb"},"inLanguage":"fr-FR","potentialAction":[{"@type":"ReadAction","target":["https:\/\/mexpatrealtors.com\/hotel-zone-beaches\/"]}]},{"@type":"ImageObject","inLanguage":"fr-FR","@id":"https:\/\/mexpatrealtors.com\/hotel-zone-beaches\/#primaryimage","url":"https:\/\/mexpatrealtors.com\/wp-content\/uploads\/2022\/05\/vallarta-hotel-zone-beach-condos-1140x640-c.jpeg","contentUrl":"https:\/\/mexpatrealtors.com\/wp-content\/uploads\/2022\/05\/vallarta-hotel-zone-beach-condos-1140x640-c.jpeg","width":1140,"height":640},{"@type":"BreadcrumbList","@id":"https:\/\/mexpatrealtors.com\/hotel-zone-beaches\/#breadcrumb","itemListElement":[{"@type":"ListItem","position":1,"name":"Home","item":"https:\/\/mexpatrealtors.com\/"},{"@type":"ListItem","position":2,"name":"Hotel Zone Beaches"}]},{"@type":"WebSite","@id":"https:\/\/mexpatrealtors.com\/#website","url":"https:\/\/mexpatrealtors.com\/","name":"Les agents immobiliers Mexpat sont des experts","description":"Best Puerto Vallarta Realtors","publisher":{"@id":"https:\/\/mexpatrealtors.com\/#organization"},"potentialAction":[{"@type":"SearchAction","target":{"@type":"EntryPoint","urlTemplate":"https:\/\/mexpatrealtors.com\/?s={search_term_string}"},"query-input":{"@type":"PropertyValueSpecification","valueRequired":true,"valueName":"search_term_string"}}],"inLanguage":"fr-FR"},{"@type":"Organization","@id":"https:\/\/mexpatrealtors.com\/#organization","name":"Les agents immobiliers Mexpat sont des experts","url":"https:\/\/mexpatrealtors.com\/","logo":{"@type":"ImageObject","inLanguage":"fr-FR","@id":"https:\/\/mexpatrealtors.com\/#\/schema\/logo\/image\/","url":"https:\/\/mexpatrealtors.com\/wp-content\/uploads\/2020\/02\/MEXPAT-LOGO-HIGH-DEFINITION-scaled.png","contentUrl":"https:\/\/mexpatrealtors.com\/wp-content\/uploads\/2020\/02\/MEXPAT-LOGO-HIGH-DEFINITION-scaled.png","width":2560,"height":866,"caption":"Mexpat Realtors"},"image":{"@id":"https:\/\/mexpatrealtors.com\/#\/schema\/logo\/image\/"}}]}},"_links":{"self":[{"href":"https:\/\/mexpatrealtors.com\/fr\/wp-json\/wp\/v2\/pages\/7751","targetHints":{"allow":["GET"]}}],"collection":[{"href":"https:\/\/mexpatrealtors.com\/fr\/wp-json\/wp\/v2\/pages"}],"about":[{"href":"https:\/\/mexpatrealtors.com\/fr\/wp-json\/wp\/v2\/types\/page"}],"author":[{"embeddable":true,"href":"https:\/\/mexpatrealtors.com\/fr\/wp-json\/wp\/v2\/users\/2"}],"replies":[{"embeddable":true,"href":"https:\/\/mexpatrealtors.com\/fr\/wp-json\/wp\/v2\/comments?post=7751"}],"version-history":[{"count":30,"href":"https:\/\/mexpatrealtors.com\/fr\/wp-json\/wp\/v2\/pages\/7751\/revisions"}],"predecessor-version":[{"id":14291,"href":"https:\/\/mexpatrealtors.com\/fr\/wp-json\/wp\/v2\/pages\/7751\/revisions\/14291"}],"wp:featuredmedia":[{"embeddable":true,"href":"https:\/\/mexpatrealtors.com\/fr\/wp-json\/wp\/v2\/media\/7749"}],"wp:attachment":[{"href":"https:\/\/mexpatrealtors.com\/fr\/wp-json\/wp\/v2\/media?parent=7751"}],"wp:term":[{"taxonomy":"folder","embeddable":true,"href":"https:\/\/mexpatrealtors.com\/fr\/wp-json\/wp\/v2\/folder?post=7751"}],"curies":[{"name":"wp","href":"https:\/\/api.w.org\/{rel}","templated":true}]}}