{"id":22,"date":"2019-04-02T02:37:32","date_gmt":"2019-04-02T02:37:32","guid":{"rendered":"https:\/\/mexpatrealtors.com\/contact\/"},"modified":"2025-12-13T11:30:27","modified_gmt":"2025-12-13T17:30:27","slug":"contact","status":"publish","type":"page","link":"http:\/\/mexpatrealtors.com\/fr\/contact\/","title":{"rendered":"Contact"},"content":{"rendered":"<div data-elementor-type=\"wp-post\" data-elementor-id=\"22\" class=\"elementor elementor-22\" data-elementor-post-type=\"page\">\n\t\t\t\t\t\t<section class=\"elementor-section elementor-top-section elementor-element elementor-element-144bf7c elementor-section-full_width elementor-reverse-mobile elementor-section-height-default elementor-section-height-default\" data-id=\"144bf7c\" data-element_type=\"section\" data-e-type=\"section\">\n\t\t\t\t\t\t<div class=\"elementor-container elementor-column-gap-default\">\n\t\t\t\t\t<div class=\"elementor-column elementor-col-100 elementor-top-column elementor-element elementor-element-0aad850\" data-id=\"0aad850\" data-element_type=\"column\" data-e-type=\"column\">\n\t\t\t<div class=\"elementor-widget-wrap elementor-element-populated\">\n\t\t\t\t\t\t<section class=\"elementor-section elementor-inner-section elementor-element elementor-element-155ab88 elementor-section-full_width elementor-section-height-default elementor-section-height-default\" data-id=\"155ab88\" data-element_type=\"section\" data-e-type=\"section\">\n\t\t\t\t\t\t<div class=\"elementor-container elementor-column-gap-default\">\n\t\t\t\t\t<div class=\"elementor-column elementor-col-50 elementor-inner-column elementor-element elementor-element-86704c1\" data-id=\"86704c1\" data-element_type=\"column\" data-e-type=\"column\">\n\t\t\t<div class=\"elementor-widget-wrap elementor-element-populated\">\n\t\t\t\t\t\t<div class=\"elementor-element elementor-element-b87d874 elementor-widget elementor-widget-heading\" data-id=\"b87d874\" data-element_type=\"widget\" data-e-type=\"widget\" data-widget_type=\"heading.default\">\n\t\t\t\t<div class=\"elementor-widget-container\">\n\t\t\t\t\t<h2 class=\"elementor-heading-title elementor-size-default\">Contactez-nous<\/h2>\t\t\t\t<\/div>\n\t\t\t\t<\/div>\n\t\t\t\t<div class=\"elementor-element elementor-element-12e9a94 elementor-widget elementor-widget-text-editor\" data-id=\"12e9a94\" data-element_type=\"widget\" data-e-type=\"widget\" data-widget_type=\"text-editor.default\">\n\t\t\t\t<div class=\"elementor-widget-container\">\n\t\t\t\t\t\t\t\t\t<p>T\u00e9l\u00e9phone et fax aux \u00c9tats-Unis : 503-430-8200<br \/>T\u00e9l\u00e9phone et t\u00e9l\u00e9copieur au Canada : 604-259-4486<br \/>Mexique T\u00e9l\u00e9phone et fax : 322-308-0014<\/p>\t\t\t\t\t\t\t\t<\/div>\n\t\t\t\t<\/div>\n\t\t\t\t<div class=\"elementor-element elementor-element-72707f7 elementor-widget elementor-widget-image\" data-id=\"72707f7\" data-element_type=\"widget\" data-e-type=\"widget\" data-widget_type=\"image.default\">\n\t\t\t\t<div class=\"elementor-widget-container\">\n\t\t\t\t\t\t\t\t\t\t\t\t\t\t\t\t<a href=\"https:\/\/calendar.app.google\/LFWAastQKr9rbuF59\" target=\"_blank\">\n\t\t\t\t\t\t\t<img decoding=\"async\" src=\"https:\/\/mexpatrealtors.com\/wp-content\/uploads\/elementor\/thumbs\/Schedule-Consultation-rg3t8gfzwztavx4wxnmpl7runo9kgmz3gezoa7ep78.png\" title=\"Planifier une consultation\" alt=\"Schedule Consultation\" loading=\"lazy\" \/>\t\t\t\t\t\t\t\t<\/a>\n\t\t\t\t\t\t\t\t\t\t\t\t\t\t\t<\/div>\n\t\t\t\t<\/div>\n\t\t\t\t<div class=\"elementor-element elementor-element-7f3ffa2 elementor-widget elementor-widget-heading\" data-id=\"7f3ffa2\" data-element_type=\"widget\" data-e-type=\"widget\" data-widget_type=\"heading.default\">\n\t\t\t\t<div class=\"elementor-widget-container\">\n\t\t\t\t\t<h2 class=\"elementor-heading-title elementor-size-default\">Suivez-nous<\/h2>\t\t\t\t<\/div>\n\t\t\t\t<\/div>\n\t\t\t\t<div class=\"elementor-element elementor-element-60fb374 e-grid-align-left e-grid-align-mobile-center elementor-shape-rounded elementor-grid-0 elementor-widget elementor-widget-social-icons\" data-id=\"60fb374\" data-element_type=\"widget\" data-e-type=\"widget\" data-widget_type=\"social-icons.default\">\n\t\t\t\t<div class=\"elementor-widget-container\">\n\t\t\t\t\t\t\t<div class=\"elementor-social-icons-wrapper elementor-grid\" role=\"list\">\n\t\t\t\t\t\t\t<span class=\"elementor-grid-item\" role=\"listitem\">\n\t\t\t\t\t<a class=\"elementor-icon elementor-social-icon elementor-social-icon-facebook elementor-repeater-item-08c7043\" href=\"https:\/\/www.facebook.com\/mexpatrealtors\" target=\"_blank\">\n\t\t\t\t\t\t<span class=\"elementor-screen-only\">Facebook<\/span>\n\t\t\t\t\t\t<i aria-hidden=\"true\" class=\"fab fa-facebook\"><\/i>\t\t\t\t\t<\/a>\n\t\t\t\t<\/span>\n\t\t\t\t\t\t\t<span class=\"elementor-grid-item\" role=\"listitem\">\n\t\t\t\t\t<a class=\"elementor-icon elementor-social-icon elementor-social-icon-youtube elementor-repeater-item-6cff47e\" href=\"http:\/\/www.youtube.com\/@mexpatrealtors\" target=\"_blank\">\n\t\t\t\t\t\t<span class=\"elementor-screen-only\">Youtube<\/span>\n\t\t\t\t\t\t<i aria-hidden=\"true\" class=\"fab fa-youtube\"><\/i>\t\t\t\t\t<\/a>\n\t\t\t\t<\/span>\n\t\t\t\t\t<\/div>\n\t\t\t\t\t\t<\/div>\n\t\t\t\t<\/div>\n\t\t\t\t<div class=\"elementor-element elementor-element-11aef59 elementor-widget elementor-widget-text-editor\" data-id=\"11aef59\" data-element_type=\"widget\" data-e-type=\"widget\" data-widget_type=\"text-editor.default\">\n\t\t\t\t<div class=\"elementor-widget-container\">\n\t\t\t\t\t\t\t\t\t<p>Pour toute question ou plainte, veuillez appeler l\u2019un des num\u00e9ros de t\u00e9l\u00e9phone affich\u00e9s sur ce site Web ou utiliser l\u2019un de nos formulaires de soumission de demandes r\u00e9pertori\u00e9s ci-dessous.<\/p>\t\t\t\t\t\t\t\t<\/div>\n\t\t\t\t<\/div>\n\t\t\t\t<div class=\"elementor-element elementor-element-29e8366 elementor-widget elementor-widget-heading\" data-id=\"29e8366\" data-element_type=\"widget\" data-e-type=\"widget\" data-widget_type=\"heading.default\">\n\t\t\t\t<div class=\"elementor-widget-container\">\n\t\t\t\t\t<h2 class=\"elementor-heading-title elementor-size-default\"><a href=\"http:\/\/mexpatrealtors.com\/fr\/privacy-policy\/\">Politique de confidentialit\u00e9<\/a><\/h2>\t\t\t\t<\/div>\n\t\t\t\t<\/div>\n\t\t\t\t\t<\/div>\n\t\t<\/div>\n\t\t\t\t<div class=\"elementor-column elementor-col-50 elementor-inner-column elementor-element elementor-element-aee8cfc\" data-id=\"aee8cfc\" data-element_type=\"column\" data-e-type=\"column\">\n\t\t\t<div class=\"elementor-widget-wrap elementor-element-populated\">\n\t\t\t\t\t\t<div class=\"elementor-element elementor-element-8fdd191 elementor-widget elementor-widget-image\" data-id=\"8fdd191\" data-element_type=\"widget\" data-e-type=\"widget\" data-widget_type=\"image.default\">\n\t\t\t\t<div class=\"elementor-widget-container\">\n\t\t\t\t\t\t\t\t\t\t\t\t\t\t\t<img fetchpriority=\"high\" decoding=\"async\" width=\"1024\" height=\"768\" src=\"https:\/\/mexpatrealtors.com\/wp-content\/uploads\/2022\/12\/IMG_2001-1024x768.jpg\" class=\"attachment-large size-large wp-image-13865\" alt=\"\" srcset=\"https:\/\/mexpatrealtors.com\/wp-content\/uploads\/2022\/12\/IMG_2001-1024x768.jpg 1024w, https:\/\/mexpatrealtors.com\/wp-content\/uploads\/2022\/12\/IMG_2001-300x225.jpg 300w, https:\/\/mexpatrealtors.com\/wp-content\/uploads\/2022\/12\/IMG_2001-768x576.jpg 768w, https:\/\/mexpatrealtors.com\/wp-content\/uploads\/2022\/12\/IMG_2001-1536x1152.jpg 1536w\" sizes=\"(max-width: 1024px) 100vw, 1024px\" \/>\t\t\t\t\t\t\t\t\t\t\t\t\t\t\t<\/div>\n\t\t\t\t<\/div>\n\t\t\t\t<div class=\"elementor-element elementor-element-378848b elementor-widget elementor-widget-heading\" data-id=\"378848b\" data-element_type=\"widget\" data-e-type=\"widget\" data-widget_type=\"heading.default\">\n\t\t\t\t<div class=\"elementor-widget-container\">\n\t\t\t\t\t<h2 class=\"elementor-heading-title elementor-size-default\">la localisation<\/h2>\t\t\t\t<\/div>\n\t\t\t\t<\/div>\n\t\t\t\t<div class=\"elementor-element elementor-element-d2a5941 elementor-widget elementor-widget-text-editor\" data-id=\"d2a5941\" data-element_type=\"widget\" data-e-type=\"widget\" data-widget_type=\"text-editor.default\">\n\t\t\t\t<div class=\"elementor-widget-container\">\n\t\t\t\t\t\t\t\t\t<p>Lieu de vente au d\u00e9tail\/r\u00e9union commerciale :<\/p>\t\t\t\t\t\t\t\t<\/div>\n\t\t\t\t<\/div>\n\t\t\t\t<div class=\"elementor-element elementor-element-bbf05eb elementor-widget elementor-widget-text-editor\" data-id=\"bbf05eb\" data-element_type=\"widget\" data-e-type=\"widget\" data-widget_type=\"text-editor.default\">\n\t\t\t\t<div class=\"elementor-widget-container\">\n\t\t\t\t\t\t\t\t\t<p>Avenida Fluvial Vallarta 239<\/p><p>Colonia Fluvial Vallarta<\/p><p>Puerto Vallarta, Jalisco, C.P. 48312, Mexique<\/p>\t\t\t\t\t\t\t\t<\/div>\n\t\t\t\t<\/div>\n\t\t\t\t<div class=\"elementor-element elementor-element-cc4fd8c elementor-widget elementor-widget-heading\" data-id=\"cc4fd8c\" data-element_type=\"widget\" data-e-type=\"widget\" data-widget_type=\"heading.default\">\n\t\t\t\t<div class=\"elementor-widget-container\">\n\t\t\t\t\t<h2 class=\"elementor-heading-title elementor-size-default\">Heures<\/h2>\t\t\t\t<\/div>\n\t\t\t\t<\/div>\n\t\t\t\t<div class=\"elementor-element elementor-element-9d470fd elementor-widget elementor-widget-text-editor\" data-id=\"9d470fd\" data-element_type=\"widget\" data-e-type=\"widget\" data-widget_type=\"text-editor.default\">\n\t\t\t\t<div class=\"elementor-widget-container\">\n\t\t\t\t\t\t\t\t\t<strong>Fuseau horaire du domicile :<\/strong><strong> -6 UTC<\/strong> heure centrale\t\t\t\t\t\t\t\t<\/div>\n\t\t\t\t<\/div>\n\t\t\t\t<div class=\"elementor-element elementor-element-ee98c4f elementor-widget elementor-widget-text-editor\" data-id=\"ee98c4f\" data-element_type=\"widget\" data-e-type=\"widget\" data-widget_type=\"text-editor.default\">\n\t\t\t\t<div class=\"elementor-widget-container\">\n\t\t\t\t\t\t\t\t\t<p><strong>Lundi - vendredi<\/strong>\u00a09:00 am \u2013 7:00 pm<br \/><strong>Samedi<\/strong>\u00a09:00 - 18:00<br \/><strong>Dimanche<\/strong> Ferm\u00e9<\/p>\t\t\t\t\t\t\t\t<\/div>\n\t\t\t\t<\/div>\n\t\t\t\t\t<\/div>\n\t\t<\/div>\n\t\t\t\t\t<\/div>\n\t\t<\/section>\n\t\t\t\t\t<\/div>\n\t\t<\/div>\n\t\t\t\t\t<\/div>\n\t\t<\/section>\n\t\t\t\t<\/div>","protected":false},"excerpt":{"rendered":"<p>Contact Us USA Phone &amp; Fax: +1 503-430-8200Canada Phone &amp; Fax: +1 604-259-4486Mexico Phone &amp; Fax: +52 322-308-0014 Follow us Facebook Youtube For questions or complaints, please call one of the phone numbers posted on this website or use one of our inquiries submission forms listed below. Privacy policy Location Commercial Retail\/Meeting Location: Avenida Fluvial [&hellip;]<\/p>\n","protected":false},"author":2,"featured_media":0,"parent":0,"menu_order":0,"comment_status":"closed","ping_status":"closed","template":"","meta":{"_acf_changed":false,"site-sidebar-layout":"no-sidebar","site-content-layout":"page-builder","ast-site-content-layout":"default","site-content-style":"default","site-sidebar-style":"default","ast-global-header-display":"","ast-banner-title-visibility":"","ast-main-header-display":"","ast-hfb-above-header-display":"","ast-hfb-below-header-display":"","ast-hfb-mobile-header-display":"","site-post-title":"disabled","ast-breadcrumbs-content":"disabled","ast-featured-img":"disabled","footer-sml-layout":"disabled","ast-disable-related-posts":"","theme-transparent-header-meta":"enabled","adv-header-id-meta":"","stick-header-meta":"","header-above-stick-meta":"","header-main-stick-meta":"","header-below-stick-meta":"","astra-migrate-meta-layouts":"default","ast-page-background-enabled":"default","ast-page-background-meta":{"desktop":{"background-color":"","background-image":"","background-repeat":"repeat","background-position":"center center","background-size":"auto","background-attachment":"scroll","background-type":"","background-media":"","overlay-type":"","overlay-color":"","overlay-opacity":"","overlay-gradient":""},"tablet":{"background-color":"","background-image":"","background-repeat":"repeat","background-position":"center center","background-size":"auto","background-attachment":"scroll","background-type":"","background-media":"","overlay-type":"","overlay-color":"","overlay-opacity":"","overlay-gradient":""},"mobile":{"background-color":"","background-image":"","background-repeat":"repeat","background-position":"center center","background-size":"auto","background-attachment":"scroll","background-type":"","background-media":"","overlay-type":"","overlay-color":"","overlay-opacity":"","overlay-gradient":""}},"ast-content-background-meta":{"desktop":{"background-color":"var(--ast-global-color-5)","background-image":"","background-repeat":"repeat","background-position":"center center","background-size":"auto","background-attachment":"scroll","background-type":"","background-media":"","overlay-type":"","overlay-color":"","overlay-opacity":"","overlay-gradient":""},"tablet":{"background-color":"var(--ast-global-color-5)","background-image":"","background-repeat":"repeat","background-position":"center center","background-size":"auto","background-attachment":"scroll","background-type":"","background-media":"","overlay-type":"","overlay-color":"","overlay-opacity":"","overlay-gradient":""},"mobile":{"background-color":"var(--ast-global-color-5)","background-image":"","background-repeat":"repeat","background-position":"center center","background-size":"auto","background-attachment":"scroll","background-type":"","background-media":"","overlay-type":"","overlay-color":"","overlay-opacity":"","overlay-gradient":""}},"footnotes":""},"folder":[],"class_list":["post-22","page","type-page","status-publish","hentry"],"acf":[],"yoast_head":"<!-- This site is optimized with the Yoast SEO plugin v27.4 - https:\/\/yoast.com\/product\/yoast-seo-wordpress\/ -->\n<title>Mexpat Realtors<\/title>\n<meta name=\"description\" content=\"Contact us via phone or e-mail, or you can visit us in our two different locations. We offer a wide range of real estate services.\" \/>\n<meta name=\"robots\" content=\"index, follow, max-snippet:-1, max-image-preview:large, max-video-preview:-1\" \/>\n<link rel=\"canonical\" href=\"https:\/\/mexpatrealtors.com\/fr\/contact\/\" \/>\n<meta property=\"og:locale\" content=\"fr_FR\" \/>\n<meta property=\"og:type\" content=\"article\" \/>\n<meta property=\"og:title\" content=\"Contact - Mexpat Realtors\" \/>\n<meta property=\"og:description\" content=\"Contact us via phone or e-mail, or you can visit us in our two different locations. We offer a wide range of real estate services.\" \/>\n<meta property=\"og:url\" content=\"https:\/\/mexpatrealtors.com\/fr\/contact\/\" \/>\n<meta property=\"og:site_name\" content=\"Mexpat Realtors\" \/>\n<meta property=\"article:modified_time\" content=\"2025-12-13T17:30:27+00:00\" \/>\n<meta property=\"og:image\" content=\"https:\/\/mexpatrealtors.com\/wp-content\/uploads\/2021\/04\/Punta-Banderas-Mexpat-Office.png\" \/>\n\t<meta property=\"og:image:width\" content=\"746\" \/>\n\t<meta property=\"og:image:height\" content=\"623\" \/>\n\t<meta property=\"og:image:type\" content=\"image\/png\" \/>\n<meta name=\"twitter:card\" content=\"summary_large_image\" \/>\n<meta name=\"twitter:title\" content=\"Contact - Mexpat Realtors\" \/>\n<meta name=\"twitter:description\" content=\"Contact us via phone or e-mail, or you can visit us in our two different locations. We offer a wide range of real estate services.\" \/>\n<meta name=\"twitter:image\" content=\"https:\/\/mexpatrealtors.com\/wp-content\/uploads\/2021\/04\/Punta-Banderas-Mexpat-Office.png\" \/>\n<meta name=\"twitter:label1\" content=\"Dur\u00e9e de lecture estim\u00e9e\" \/>\n\t<meta name=\"twitter:data1\" content=\"1 minute\" \/>\n<script type=\"application\/ld+json\" class=\"yoast-schema-graph\">{\"@context\":\"https:\\\/\\\/schema.org\",\"@graph\":[{\"@type\":\"WebPage\",\"@id\":\"https:\\\/\\\/mexpatrealtors.com\\\/contact\\\/\",\"url\":\"https:\\\/\\\/mexpatrealtors.com\\\/contact\\\/\",\"name\":\"Contact - Mexpat Realtors\",\"isPartOf\":{\"@id\":\"https:\\\/\\\/mexpatrealtors.com\\\/#website\"},\"primaryImageOfPage\":{\"@id\":\"https:\\\/\\\/mexpatrealtors.com\\\/contact\\\/#primaryimage\"},\"image\":{\"@id\":\"https:\\\/\\\/mexpatrealtors.com\\\/contact\\\/#primaryimage\"},\"thumbnailUrl\":\"http:\\\/\\\/mexpatrealtors.com\\\/wp-content\\\/uploads\\\/elementor\\\/thumbs\\\/Schedule-Consultation-rg3t8gfzwztavx4wxnmpl7runo9kgmz3gezoa7ep78.png\",\"datePublished\":\"2019-04-02T02:37:32+00:00\",\"dateModified\":\"2025-12-13T17:30:27+00:00\",\"description\":\"Contact us via phone or e-mail, or you can visit us in our two different locations. We offer a wide range of real estate services.\",\"breadcrumb\":{\"@id\":\"https:\\\/\\\/mexpatrealtors.com\\\/contact\\\/#breadcrumb\"},\"inLanguage\":\"fr-FR\",\"potentialAction\":[{\"@type\":\"ReadAction\",\"target\":[\"https:\\\/\\\/mexpatrealtors.com\\\/contact\\\/\"]}]},{\"@type\":\"ImageObject\",\"inLanguage\":\"fr-FR\",\"@id\":\"https:\\\/\\\/mexpatrealtors.com\\\/contact\\\/#primaryimage\",\"url\":\"http:\\\/\\\/mexpatrealtors.com\\\/wp-content\\\/uploads\\\/elementor\\\/thumbs\\\/Schedule-Consultation-rg3t8gfzwztavx4wxnmpl7runo9kgmz3gezoa7ep78.png\",\"contentUrl\":\"http:\\\/\\\/mexpatrealtors.com\\\/wp-content\\\/uploads\\\/elementor\\\/thumbs\\\/Schedule-Consultation-rg3t8gfzwztavx4wxnmpl7runo9kgmz3gezoa7ep78.png\"},{\"@type\":\"BreadcrumbList\",\"@id\":\"https:\\\/\\\/mexpatrealtors.com\\\/contact\\\/#breadcrumb\",\"itemListElement\":[{\"@type\":\"ListItem\",\"position\":1,\"name\":\"Home\",\"item\":\"https:\\\/\\\/mexpatrealtors.com\\\/\"},{\"@type\":\"ListItem\",\"position\":2,\"name\":\"Contact\"}]},{\"@type\":\"WebSite\",\"@id\":\"https:\\\/\\\/mexpatrealtors.com\\\/#website\",\"url\":\"https:\\\/\\\/mexpatrealtors.com\\\/\",\"name\":\"Mexpat Realtors\",\"description\":\"Best Puerto Vallarta Realtors\",\"publisher\":{\"@id\":\"https:\\\/\\\/mexpatrealtors.com\\\/#organization\"},\"potentialAction\":[{\"@type\":\"SearchAction\",\"target\":{\"@type\":\"EntryPoint\",\"urlTemplate\":\"https:\\\/\\\/mexpatrealtors.com\\\/?s={search_term_string}\"},\"query-input\":{\"@type\":\"PropertyValueSpecification\",\"valueRequired\":true,\"valueName\":\"search_term_string\"}}],\"inLanguage\":\"fr-FR\"},{\"@type\":\"Organization\",\"@id\":\"https:\\\/\\\/mexpatrealtors.com\\\/#organization\",\"name\":\"Mexpat Realtors\",\"url\":\"https:\\\/\\\/mexpatrealtors.com\\\/\",\"logo\":{\"@type\":\"ImageObject\",\"inLanguage\":\"fr-FR\",\"@id\":\"https:\\\/\\\/mexpatrealtors.com\\\/#\\\/schema\\\/logo\\\/image\\\/\",\"url\":\"https:\\\/\\\/mexpatrealtors.com\\\/wp-content\\\/uploads\\\/2020\\\/02\\\/MEXPAT-LOGO-HIGH-DEFINITION-scaled.png\",\"contentUrl\":\"https:\\\/\\\/mexpatrealtors.com\\\/wp-content\\\/uploads\\\/2020\\\/02\\\/MEXPAT-LOGO-HIGH-DEFINITION-scaled.png\",\"width\":2560,\"height\":866,\"caption\":\"Mexpat Realtors\"},\"image\":{\"@id\":\"https:\\\/\\\/mexpatrealtors.com\\\/#\\\/schema\\\/logo\\\/image\\\/\"}}]}<\/script>\n<!-- \/ Yoast SEO plugin. -->","yoast_head_json":{"title":"Les agents immobiliers Mexpat sont des experts","description":"Contact us via phone or e-mail, or you can visit us in our two different locations. We offer a wide range of real estate services.","robots":{"index":"index","follow":"follow","max-snippet":"max-snippet:-1","max-image-preview":"max-image-preview:large","max-video-preview":"max-video-preview:-1"},"canonical":"https:\/\/mexpatrealtors.com\/fr\/contact\/","og_locale":"fr_FR","og_type":"article","og_title":"Contact - Mexpat Realtors","og_description":"Contact us via phone or e-mail, or you can visit us in our two different locations. We offer a wide range of real estate services.","og_url":"https:\/\/mexpatrealtors.com\/fr\/contact\/","og_site_name":"Mexpat Realtors","article_modified_time":"2025-12-13T17:30:27+00:00","og_image":[{"width":746,"height":623,"url":"https:\/\/mexpatrealtors.com\/wp-content\/uploads\/2021\/04\/Punta-Banderas-Mexpat-Office.png","type":"image\/png"}],"twitter_card":"summary_large_image","twitter_title":"Contact - Mexpat Realtors","twitter_description":"Contact us via phone or e-mail, or you can visit us in our two different locations. We offer a wide range of real estate services.","twitter_image":"https:\/\/mexpatrealtors.com\/wp-content\/uploads\/2021\/04\/Punta-Banderas-Mexpat-Office.png","twitter_misc":{"Dur\u00e9e de lecture estim\u00e9e":"1 minute"},"schema":{"@context":"https:\/\/schema.org","@graph":[{"@type":"WebPage","@id":"https:\/\/mexpatrealtors.com\/contact\/","url":"https:\/\/mexpatrealtors.com\/contact\/","name":"Contact - Mexpat Realtors","isPartOf":{"@id":"https:\/\/mexpatrealtors.com\/#website"},"primaryImageOfPage":{"@id":"https:\/\/mexpatrealtors.com\/contact\/#primaryimage"},"image":{"@id":"https:\/\/mexpatrealtors.com\/contact\/#primaryimage"},"thumbnailUrl":"http:\/\/mexpatrealtors.com\/wp-content\/uploads\/elementor\/thumbs\/Schedule-Consultation-rg3t8gfzwztavx4wxnmpl7runo9kgmz3gezoa7ep78.png","datePublished":"2019-04-02T02:37:32+00:00","dateModified":"2025-12-13T17:30:27+00:00","description":"Contact us via phone or e-mail, or you can visit us in our two different locations. We offer a wide range of real estate services.","breadcrumb":{"@id":"https:\/\/mexpatrealtors.com\/contact\/#breadcrumb"},"inLanguage":"fr-FR","potentialAction":[{"@type":"ReadAction","target":["https:\/\/mexpatrealtors.com\/contact\/"]}]},{"@type":"ImageObject","inLanguage":"fr-FR","@id":"https:\/\/mexpatrealtors.com\/contact\/#primaryimage","url":"http:\/\/mexpatrealtors.com\/wp-content\/uploads\/elementor\/thumbs\/Schedule-Consultation-rg3t8gfzwztavx4wxnmpl7runo9kgmz3gezoa7ep78.png","contentUrl":"http:\/\/mexpatrealtors.com\/wp-content\/uploads\/elementor\/thumbs\/Schedule-Consultation-rg3t8gfzwztavx4wxnmpl7runo9kgmz3gezoa7ep78.png"},{"@type":"BreadcrumbList","@id":"https:\/\/mexpatrealtors.com\/contact\/#breadcrumb","itemListElement":[{"@type":"ListItem","position":1,"name":"Home","item":"https:\/\/mexpatrealtors.com\/"},{"@type":"ListItem","position":2,"name":"Contact"}]},{"@type":"WebSite","@id":"https:\/\/mexpatrealtors.com\/#website","url":"https:\/\/mexpatrealtors.com\/","name":"Les agents immobiliers Mexpat sont des experts","description":"Best Puerto Vallarta Realtors","publisher":{"@id":"https:\/\/mexpatrealtors.com\/#organization"},"potentialAction":[{"@type":"SearchAction","target":{"@type":"EntryPoint","urlTemplate":"https:\/\/mexpatrealtors.com\/?s={search_term_string}"},"query-input":{"@type":"PropertyValueSpecification","valueRequired":true,"valueName":"search_term_string"}}],"inLanguage":"fr-FR"},{"@type":"Organization","@id":"https:\/\/mexpatrealtors.com\/#organization","name":"Les agents immobiliers Mexpat sont des experts","url":"https:\/\/mexpatrealtors.com\/","logo":{"@type":"ImageObject","inLanguage":"fr-FR","@id":"https:\/\/mexpatrealtors.com\/#\/schema\/logo\/image\/","url":"https:\/\/mexpatrealtors.com\/wp-content\/uploads\/2020\/02\/MEXPAT-LOGO-HIGH-DEFINITION-scaled.png","contentUrl":"https:\/\/mexpatrealtors.com\/wp-content\/uploads\/2020\/02\/MEXPAT-LOGO-HIGH-DEFINITION-scaled.png","width":2560,"height":866,"caption":"Mexpat Realtors"},"image":{"@id":"https:\/\/mexpatrealtors.com\/#\/schema\/logo\/image\/"}}]}},"_links":{"self":[{"href":"http:\/\/mexpatrealtors.com\/fr\/wp-json\/wp\/v2\/pages\/22","targetHints":{"allow":["GET"]}}],"collection":[{"href":"http:\/\/mexpatrealtors.com\/fr\/wp-json\/wp\/v2\/pages"}],"about":[{"href":"http:\/\/mexpatrealtors.com\/fr\/wp-json\/wp\/v2\/types\/page"}],"author":[{"embeddable":true,"href":"http:\/\/mexpatrealtors.com\/fr\/wp-json\/wp\/v2\/users\/2"}],"replies":[{"embeddable":true,"href":"http:\/\/mexpatrealtors.com\/fr\/wp-json\/wp\/v2\/comments?post=22"}],"version-history":[{"count":49,"href":"http:\/\/mexpatrealtors.com\/fr\/wp-json\/wp\/v2\/pages\/22\/revisions"}],"predecessor-version":[{"id":33948,"href":"http:\/\/mexpatrealtors.com\/fr\/wp-json\/wp\/v2\/pages\/22\/revisions\/33948"}],"wp:attachment":[{"href":"http:\/\/mexpatrealtors.com\/fr\/wp-json\/wp\/v2\/media?parent=22"}],"wp:term":[{"taxonomy":"folder","embeddable":true,"href":"http:\/\/mexpatrealtors.com\/fr\/wp-json\/wp\/v2\/folder?post=22"}],"curies":[{"name":"wp","href":"https:\/\/api.w.org\/{rel}","templated":true}]}}